{"id":211,"date":"2022-11-20T23:35:00","date_gmt":"2022-11-20T15:35:00","guid":{"rendered":"https:\/\/www.sannyin.com\/?page_id=211"},"modified":"2024-12-21T21:49:16","modified_gmt":"2024-12-21T13:49:16","slug":"home","status":"publish","type":"page","link":"https:\/\/www.sannyin.com\/pt\/","title":{"rendered":"In\u00edcio"},"content":{"rendered":"<h4 class=\"wp-block-heading\">Que tipos de produtos podem ser fabricados com borracha de silicone?<\/h4>\n\n\n\n<p>A borracha de silicone pode ser utilizada para fabricar uma vasta gama de produtos, incluindo:<\/p>\n\n\n\n<ul class=\"wp-block-list\">\n<li>Utens\u00edlios de cozinha em silicone<\/li>\n\n\n\n<li>Fornecedores de p\u00e9rolas de silicone<\/li>\n\n\n\n<li>Bracelete de silicone<\/li>\n\n\n\n<li>Produtos de silicone para animais de estima\u00e7\u00e3o<\/li>\n\n\n\n<li>Manga de silicone para garrafa<\/li>\n\n\n\n<li>Touca de nata\u00e7\u00e3o de silicone<\/li>\n\n\n\n<li>Copo de silicone<\/li>\n\n\n\n<li>Capa de silicone<\/li>\n\n\n\n<li>Pulseira de silicone<\/li>\n<\/ul>\n\n\n\n<h4 class=\"wp-block-heading\">Como \u00e9 que a borracha de silicone \u00e9 moldada em produtos?<\/h4>\n\n\n\n<p>A borracha de silicone \u00e9 normalmente moldada atrav\u00e9s de um processo designado por moldagem por compress\u00e3o. Neste processo, o material de silicone \u00e9 colocado num molde, que \u00e9 depois comprimido para moldar o material na forma desejada. Depois de o material estar curado, o molde \u00e9 aberto e o produto acabado \u00e9 retirado.<\/p>\n\n\n\n<h4 class=\"wp-block-heading\">Os produtos de borracha de silicone podem ser personalizados?<\/h4>\n\n\n\n<p>Sim, <a href=\"https:\/\/www.sannyin.com\/pt\/todos-os-produtos\/\" data-type=\"page\" data-id=\"391\">produtos de borracha de silicone<\/a> podem ser personalizados para satisfazer requisitos de design espec\u00edficos. Uma f\u00e1brica de produtos de borracha de silicone pode trabalhar com os clientes para criar moldes e produtos personalizados que satisfa\u00e7am as suas necessidades e especifica\u00e7\u00f5es espec\u00edficas.<\/p>\n\n\n\n<h4 class=\"wp-block-heading\">Os produtos de borracha de silicone s\u00e3o amigos do ambiente?<\/h4>\n\n\n\n<p>Os produtos de borracha de silicone s\u00e3o geralmente considerados amigos do ambiente. A borracha de silicone \u00e9 um material recicl\u00e1vel e n\u00e3o se sabe se liberta subst\u00e2ncias qu\u00edmicas nocivas ou poluentes durante a utiliza\u00e7\u00e3o.<\/p>\n\n\n\n<p>\u00c9 amplamente utilizado em produtos de cuidados para beb\u00e9s, componentes de equipamento m\u00e9dico, etc.<\/p>","protected":false},"excerpt":{"rendered":"<p>What types of products can be made from silicone rubber? Silicone rubber can be used to make a wide range of products, including: How is silicone rubber molded into products? Silicone rubber is typically molded using a process called compression molding. In this process, the&nbsp;silicone material&nbsp;is placed in a mold, which is then compressed to [&hellip;]<\/p>\n","protected":false},"author":1,"featured_media":214,"parent":0,"menu_order":0,"comment_status":"closed","ping_status":"closed","template":"","meta":{"_acf_changed":false,"_seopress_robots_primary_cat":"","_seopress_titles_title":"","_seopress_titles_desc":"","_seopress_robots_index":"","footnotes":""},"class_list":["post-211","page","type-page","status-publish","has-post-thumbnail","hentry"],"acf":[],"_links":{"self":[{"href":"https:\/\/www.sannyin.com\/pt\/wp-json\/wp\/v2\/pages\/211","targetHints":{"allow":["GET"]}}],"collection":[{"href":"https:\/\/www.sannyin.com\/pt\/wp-json\/wp\/v2\/pages"}],"about":[{"href":"https:\/\/www.sannyin.com\/pt\/wp-json\/wp\/v2\/types\/page"}],"author":[{"embeddable":true,"href":"https:\/\/www.sannyin.com\/pt\/wp-json\/wp\/v2\/users\/1"}],"replies":[{"embeddable":true,"href":"https:\/\/www.sannyin.com\/pt\/wp-json\/wp\/v2\/comments?post=211"}],"version-history":[{"count":0,"href":"https:\/\/www.sannyin.com\/pt\/wp-json\/wp\/v2\/pages\/211\/revisions"}],"wp:featuredmedia":[{"embeddable":true,"href":"https:\/\/www.sannyin.com\/pt\/wp-json\/wp\/v2\/media\/214"}],"wp:attachment":[{"href":"https:\/\/www.sannyin.com\/pt\/wp-json\/wp\/v2\/media?parent=211"}],"curies":[{"name":"wp","href":"https:\/\/api.w.org\/{rel}","templated":true}]}}