{"id":211,"date":"2022-11-20T23:35:00","date_gmt":"2022-11-20T15:35:00","guid":{"rendered":"https:\/\/www.sannyin.com\/?page_id=211"},"modified":"2024-12-21T21:49:16","modified_gmt":"2024-12-21T13:49:16","slug":"domicile","status":"publish","type":"page","link":"https:\/\/www.sannyin.com\/fr\/","title":{"rendered":"Accueil"},"content":{"rendered":"<h4 class=\"wp-block-heading\">Quels types de produits peuvent \u00eatre fabriqu\u00e9s \u00e0 partir de caoutchouc de silicone ?<\/h4>\n\n\n\n<p>Le caoutchouc de silicone peut \u00eatre utilis\u00e9 pour fabriquer une large gamme de produits, notamment :<\/p>\n\n\n\n<ul class=\"wp-block-list\">\n<li>Articles de cuisine en silicone<\/li>\n\n\n\n<li>Fournisseurs de perles de silicone<\/li>\n\n\n\n<li>Bracelet de montre en silicone<\/li>\n\n\n\n<li>Produits en silicone pour animaux de compagnie<\/li>\n\n\n\n<li>Manchon en silicone pour bouteille<\/li>\n\n\n\n<li>Bonnet de bain en silicone<\/li>\n\n\n\n<li>Coupe en silicone<\/li>\n\n\n\n<li>\u00c9tui en silicone<\/li>\n\n\n\n<li>Bracelet en silicone<\/li>\n<\/ul>\n\n\n\n<h4 class=\"wp-block-heading\">Comment le caoutchouc silicone est-il moul\u00e9 dans les produits ?<\/h4>\n\n\n\n<p>Le caoutchouc de silicone est g\u00e9n\u00e9ralement moul\u00e9 \u00e0 l'aide d'un proc\u00e9d\u00e9 appel\u00e9 moulage par compression. Dans ce processus, le mat\u00e9riau silicone est plac\u00e9 dans un moule, qui est ensuite comprim\u00e9 pour donner au mat\u00e9riau la forme souhait\u00e9e. Une fois le mat\u00e9riau durci, le moule est ouvert et le produit fini est retir\u00e9.<\/p>\n\n\n\n<h4 class=\"wp-block-heading\">Les produits en caoutchouc de silicone peuvent-ils \u00eatre personnalis\u00e9s ?<\/h4>\n\n\n\n<p>Oui, <a href=\"https:\/\/www.sannyin.com\/fr\/tous-les-produits\/\" data-type=\"page\" data-id=\"391\">produits en caoutchouc de silicone<\/a> peuvent \u00eatre personnalis\u00e9s pour r\u00e9pondre \u00e0 des exigences de conception sp\u00e9cifiques. Une usine de produits en caoutchouc de silicone peut travailler avec les clients pour cr\u00e9er des moules et des produits sur mesure qui r\u00e9pondent \u00e0 leurs besoins et sp\u00e9cifications sp\u00e9cifiques.<\/p>\n\n\n\n<h4 class=\"wp-block-heading\">Les produits en caoutchouc de silicone sont-ils respectueux de l'environnement ?<\/h4>\n\n\n\n<p>Les produits en caoutchouc de silicone sont g\u00e9n\u00e9ralement consid\u00e9r\u00e9s comme respectueux de l'environnement. Le caoutchouc de silicone est un mat\u00e9riau recyclable et il n'est pas connu pour lib\u00e9rer des produits chimiques nocifs ou des polluants lors de son utilisation.<\/p>\n\n\n\n<p>Il est largement utilis\u00e9 dans les produits de soins pour b\u00e9b\u00e9s, les composants d'\u00e9quipements m\u00e9dicaux, etc.<\/p>","protected":false},"excerpt":{"rendered":"<p>What types of products can be made from silicone rubber? Silicone rubber can be used to make a wide range of products, including: How is silicone rubber molded into products? Silicone rubber is typically molded using a process called compression molding. In this process, the&nbsp;silicone material&nbsp;is placed in a mold, which is then compressed to [&hellip;]<\/p>\n","protected":false},"author":1,"featured_media":214,"parent":0,"menu_order":0,"comment_status":"closed","ping_status":"closed","template":"","meta":{"_acf_changed":false,"_seopress_robots_primary_cat":"","_seopress_titles_title":"","_seopress_titles_desc":"","_seopress_robots_index":"","footnotes":""},"class_list":["post-211","page","type-page","status-publish","has-post-thumbnail","hentry"],"acf":[],"_links":{"self":[{"href":"https:\/\/www.sannyin.com\/fr\/wp-json\/wp\/v2\/pages\/211","targetHints":{"allow":["GET"]}}],"collection":[{"href":"https:\/\/www.sannyin.com\/fr\/wp-json\/wp\/v2\/pages"}],"about":[{"href":"https:\/\/www.sannyin.com\/fr\/wp-json\/wp\/v2\/types\/page"}],"author":[{"embeddable":true,"href":"https:\/\/www.sannyin.com\/fr\/wp-json\/wp\/v2\/users\/1"}],"replies":[{"embeddable":true,"href":"https:\/\/www.sannyin.com\/fr\/wp-json\/wp\/v2\/comments?post=211"}],"version-history":[{"count":0,"href":"https:\/\/www.sannyin.com\/fr\/wp-json\/wp\/v2\/pages\/211\/revisions"}],"wp:featuredmedia":[{"embeddable":true,"href":"https:\/\/www.sannyin.com\/fr\/wp-json\/wp\/v2\/media\/214"}],"wp:attachment":[{"href":"https:\/\/www.sannyin.com\/fr\/wp-json\/wp\/v2\/media?parent=211"}],"curies":[{"name":"wp","href":"https:\/\/api.w.org\/{rel}","templated":true}]}}