{"id":211,"date":"2022-11-20T23:35:00","date_gmt":"2022-11-20T15:35:00","guid":{"rendered":"https:\/\/www.sannyin.com\/?page_id=211"},"modified":"2024-12-21T21:49:16","modified_gmt":"2024-12-21T13:49:16","slug":"home","status":"publish","type":"page","link":"https:\/\/www.sannyin.com\/de\/","title":{"rendered":"Startseite"},"content":{"rendered":"<h4 class=\"wp-block-heading\">Welche Arten von Produkten k\u00f6nnen aus Silikonkautschuk hergestellt werden?<\/h4>\n\n\n\n<p>Silikonkautschuk kann zur Herstellung einer breiten Palette von Produkten verwendet werden, darunter:<\/p>\n\n\n\n<ul class=\"wp-block-list\">\n<li>Silikon-K\u00fcchenger\u00e4te<\/li>\n\n\n\n<li>Silikonperlen Lieferanten<\/li>\n\n\n\n<li>Silikonarmband<\/li>\n\n\n\n<li>Silikontierprodukte<\/li>\n\n\n\n<li>Flasche Silikonh\u00fclse<\/li>\n\n\n\n<li>Silikon-Schwimmkappe<\/li>\n\n\n\n<li>Silikonbecher<\/li>\n\n\n\n<li>Silikonh\u00fclle<\/li>\n\n\n\n<li>Silikon-Armband<\/li>\n<\/ul>\n\n\n\n<h4 class=\"wp-block-heading\">Wie wird Silikonkautschuk zu Produkten geformt?<\/h4>\n\n\n\n<p>Silikonkautschuk wird in der Regel durch ein Verfahren geformt, das als Formpressen bezeichnet wird. Bei diesem Verfahren wird das Silikonmaterial in eine Form gegeben, die dann zusammengedr\u00fcckt wird, um das Material in die gew\u00fcnschte Form zu bringen. Sobald das Material ausgeh\u00e4rtet ist, wird die Form ge\u00f6ffnet und das fertige Produkt entnommen.<\/p>\n\n\n\n<h4 class=\"wp-block-heading\">K\u00f6nnen Silikonkautschukprodukte individuell angepasst werden?<\/h4>\n\n\n\n<p>Ja, <a href=\"https:\/\/www.sannyin.com\/de\/alle-produkte\/\" data-type=\"page\" data-id=\"391\">Silikonkautschuk-Produkte<\/a> k\u00f6nnen an spezifische Designanforderungen angepasst werden. Eine Fabrik f\u00fcr Silikongummiprodukte kann mit den Kunden zusammenarbeiten, um kundenspezifische Formen und Produkte zu entwickeln, die ihren spezifischen Bed\u00fcrfnissen und Spezifikationen entsprechen.<\/p>\n\n\n\n<h4 class=\"wp-block-heading\">Sind Silikonkautschukprodukte umweltfreundlich?<\/h4>\n\n\n\n<p>Silikongummiprodukte gelten allgemein als umweltfreundlich. Silikonkautschuk ist ein recycelbares Material, und es ist nicht bekannt, dass es bei der Verwendung sch\u00e4dliche Chemikalien oder Schadstoffe freisetzt.<\/p>\n\n\n\n<p>Es wird h\u00e4ufig f\u00fcr Babypflegeprodukte, Komponenten f\u00fcr medizinische Ger\u00e4te usw. verwendet.<\/p>","protected":false},"excerpt":{"rendered":"<p>What types of products can be made from silicone rubber? Silicone rubber can be used to make a wide range of products, including: How is silicone rubber molded into products? Silicone rubber is typically molded using a process called compression molding. In this process, the&nbsp;silicone material&nbsp;is placed in a mold, which is then compressed to [&hellip;]<\/p>\n","protected":false},"author":1,"featured_media":214,"parent":0,"menu_order":0,"comment_status":"closed","ping_status":"closed","template":"","meta":{"_acf_changed":false,"_seopress_robots_primary_cat":"","_seopress_titles_title":"","_seopress_titles_desc":"","_seopress_robots_index":"","footnotes":""},"class_list":["post-211","page","type-page","status-publish","has-post-thumbnail","hentry"],"acf":[],"_links":{"self":[{"href":"https:\/\/www.sannyin.com\/de\/wp-json\/wp\/v2\/pages\/211","targetHints":{"allow":["GET"]}}],"collection":[{"href":"https:\/\/www.sannyin.com\/de\/wp-json\/wp\/v2\/pages"}],"about":[{"href":"https:\/\/www.sannyin.com\/de\/wp-json\/wp\/v2\/types\/page"}],"author":[{"embeddable":true,"href":"https:\/\/www.sannyin.com\/de\/wp-json\/wp\/v2\/users\/1"}],"replies":[{"embeddable":true,"href":"https:\/\/www.sannyin.com\/de\/wp-json\/wp\/v2\/comments?post=211"}],"version-history":[{"count":0,"href":"https:\/\/www.sannyin.com\/de\/wp-json\/wp\/v2\/pages\/211\/revisions"}],"wp:featuredmedia":[{"embeddable":true,"href":"https:\/\/www.sannyin.com\/de\/wp-json\/wp\/v2\/media\/214"}],"wp:attachment":[{"href":"https:\/\/www.sannyin.com\/de\/wp-json\/wp\/v2\/media?parent=211"}],"curies":[{"name":"wp","href":"https:\/\/api.w.org\/{rel}","templated":true}]}}